{"id":3,"date":"2021-02-04T20:28:07","date_gmt":"2021-02-04T19:28:07","guid":{"rendered":"https:\/\/campus-psychiatrie.de\/site\/?page_id=3"},"modified":"2021-04-05T18:22:31","modified_gmt":"2021-04-05T16:22:31","slug":"datenschutzerklaerung","status":"publish","type":"page","link":"https:\/\/campus-psychiatrie.de\/?page_id=3","title":{"rendered":"Datenschutzerkl\u00e4rung"},"content":{"rendered":"<p><span style=\"font-family: arial, helvetica, sans-serif;\">Geltungsbereich<\/span><\/p>\n<p><span style=\"font-family: arial, helvetica, sans-serif;\">Diese Datenschutzerkl\u00e4rung kl\u00e4rt Nutzer \u00fcber die Art, den Umfang und Zwecke der Erhebung und Verwendung personenbezogener Daten durch den verantwortlichen<\/span><\/p>\n<p><span style=\"font-family: arial, helvetica, sans-serif;\">Anbieter:<br \/>\nProf. Dr. Waldemar Greil<br \/>\n<\/span><span style=\"font-family: arial, helvetica, sans-serif;\">Alte Landstrasse 70-84<\/span><br \/>\n<span style=\"font-family: arial, helvetica, sans-serif;\">CH-8802 Kilchberg ZH<\/span><br \/>\n<span style=\"font-family: arial, helvetica, sans-serif;\">Tel.: Rathausbr\u00fccke<\/span><br \/>\n<span style=\"font-family: arial, helvetica, sans-serif;\">[+41] 044 291 00 04 <\/span><br \/>\n<span style=\"font-family: arial, helvetica, sans-serif;\">E-Mail:\u00a0\u00a0\u00a0\u00a0\u00a0\u00a0\u00a0\u00a0\u00a0<a href=\"mailto:waldemar.greil@med.uni-muenchen.de\">waldemar.greil@gmx.net<\/a>,\u00a0<\/span><\/p>\n<p><span style=\"font-family: arial, helvetica, sans-serif;\">Provider:<br \/>\nCurriculumdesign<br \/>\n<\/span><\/p>\n<p><span style=\"font-family: arial, helvetica, sans-serif;\">auf dieser Website (im folgenden \u201cAngebot\u201d) auf.<\/span><br \/>\n<span style=\"font-family: arial, helvetica, sans-serif;\">Zugriffsdaten\/ Server-Logfiles<\/span><\/p>\n<p><span style=\"font-family: arial, helvetica, sans-serif;\">Der Anbieter (beziehungsweise sein Webspace-Provider) erhebt Daten \u00fcber jeden Zugriff auf das Angebot (so genannte Serverlogfiles). <\/span><\/p>\n<p><strong>Zu den Zugriffsdaten geh\u00f6ren<br \/>\n<\/strong><span style=\"font-family: arial, helvetica, sans-serif;\">Name der abgerufenen Webseite, Datei, Datum und Uhrzeit des Abrufs, \u00fcbertragene Datenmenge, Meldung \u00fcber erfolgreichen Abruf, Browsertyp nebst Version, das Betriebssystem des Nutzers, Referrer URL (die zuvor besuchte Seite), IP-Adresse und der anfragende Provider.<\/span><\/p>\n<p><span style=\"font-family: arial, helvetica, sans-serif;\">Der Anbieter verwendet die Protokolldaten nur f\u00fcr statistische Auswertungen zum Zweck des Betriebs, der Sicherheit und der Optimierung des Angebotes. Der Anbieter beh\u00e4lt sich jedoch vor, die Protokolldaten nachtr\u00e4glich zu \u00fcberpr\u00fcfen, wenn aufgrund konkreter Anhaltspunkte der berechtigte Verdacht einer rechtswidrigen Nutzung besteht.<\/span><\/p>\n<p><strong><span style=\"font-family: arial, helvetica, sans-serif;\">Umgang mit personenbezogenen Daten<br \/>\n<\/span><\/strong><span style=\"font-family: arial, helvetica, sans-serif;\">Personenbezogene Daten sind Informationen, mit deren Hilfe eine Person bestimmbar ist, also Angaben, die zur\u00fcck zu einer Person verfolgt werden k\u00f6nnen. Dazu geh\u00f6ren der Name, die Emailadresse oder die Telefonnummer. Aber auch Daten \u00fcber Vorlieben, Hobbies, Mitgliedschaften oder welche Webseiten von jemandem angesehen wurden z\u00e4hlen zu personenbezogenen Daten.<\/span><\/p>\n<p><span style=\"font-family: arial, helvetica, sans-serif;\">Personenbezogene Daten werden von dem Anbieter nur dann erhoben und genutzt wenn dies gesetzlich erlaubt ist oder die Nutzer in die Datenerhebung einwilligen.<\/span><\/p>\n<p><strong><span style=\"font-family: arial, helvetica, sans-serif;\">Kontaktaufnahme<br \/>\n<\/span><\/strong><span style=\"font-family: arial, helvetica, sans-serif;\">Bei der Kontaktaufnahme mit dem Anbieter (zum Beispiel per Kontaktformular oder E-Mail) werden die Angaben des Nutzers zwecks Bearbeitung der Anfrage sowie f\u00fcr den Fall, dass Anschlussfragen entstehen, gespeichert.<\/span><br \/>\n<span style=\"font-family: arial, helvetica, sans-serif;\"><br \/>\n<strong>Kommentare und Beitr\u00e4ge<br \/>\n<\/strong><\/span><span style=\"font-family: arial, helvetica, sans-serif;\">Wenn Nutzer Kommentare im Blog oder sonstige Beitr\u00e4ge hinterlassen, werden ihre IP-Adressen gespeichert. Das erfolgt zur Sicherheit des Anbieters, falls jemand in Kommentaren und Beitr\u00e4gen widerrechtliche Inhalte schreibt (Beleidigungen, verbotene politische Propaganda, etc.). In diesem Fall kann der Anbieter selbst f\u00fcr den Kommentar oder Beitrag belangt werden und ist daher an der Identit\u00e4t des Verfassers interessiert.<\/span><\/p>\n<p><strong><span style=\"font-family: arial, helvetica, sans-serif;\">Einbindung von Diensten und Inhalten Dritter<br \/>\n<\/span><\/strong><span style=\"font-family: arial, helvetica, sans-serif;\">Es kann vorkommen, dass innerhalb dieses Onlineangebotes Inhalte Dritter, wie zum Beispiel Videos von YouTube, Kartenmaterial von Google-Maps, RSS-Feeds oder Grafiken von anderen Webseiten eingebunden werden. Dies setzt immer voraus, dass die Anbieter dieser Inhalte (nachfolgend bezeichnet als \u201eDritt-Anbieter\u201c) die IP-Adresse der Nutzer wahrnehmen. Denn ohne die IP-Adresse, k\u00f6nnten sie die Inhalte nicht an den Browser des jeweiligen Nutzers senden. Die IP-Adresse ist damit f\u00fcr die Darstellung dieser Inhalte erforderlich. Wir bem\u00fchen uns nur solche Inhalte zu verwenden, deren jeweilige Anbieter die IP-Adresse lediglich zur Auslieferung der Inhalte verwenden. Jedoch haben wir keinen Einfluss darauf, falls die Dritt-Anbieter die IP-Adresse z.B. f\u00fcr statistische Zwecke speichern. Soweit uns dies bekannt ist, kl\u00e4ren wir die Nutzer dar\u00fcber auf.<\/span><\/p>\n<p><strong><span style=\"font-family: arial, helvetica, sans-serif;\">Cookies<br \/>\n<\/span><\/strong><span style=\"font-family: arial, helvetica, sans-serif;\">Wenn Nutzer das Angebot aufrufen, werden ein oder mehrere Cookies auf seinem Rechner gespeichert. Ein Cookie ist eine kleine Datei, die eine bestimmte Zeichenfolge enth\u00e4lt und Ihren Browser eindeutig identifiziert. Mit Hilfe von Cookies verbessert der Anbieter den Komfort und die Qualit\u00e4t seines Services, indem zum Beispiel Nutzereinstellungen gespeichert werden. Cookies richten auf dem Rechner der Nutzer keinen Schaden an und enthalten keine Viren.<\/span><\/p>\n<p><span style=\"font-family: arial, helvetica, sans-serif;\">Eine Nutzung des Angebotes ist auch ohne Cookies m\u00f6glich. Nutzer k\u00f6nnen in Ihrem Browser das Speichern von Cookies deaktivieren, auf bestimmte Websites beschr\u00e4nken oder Ihren Browser so einstellen, dass er sie benachrichtigt, bevor ein Cookie gespeichert wird. Sie k\u00f6nnen die Cookies \u00fcber die Datenschutzfunktionen ihres Browsers jederzeit von der Festplatte ihres Rechners l\u00f6schen. In diesem Fall, k\u00f6nnten die Funktionen und die Benutzerfreundlichkeit des Angebots eingeschr\u00e4nkt werden.<\/span><\/p>\n<p><strong><span style=\"font-family: arial, helvetica, sans-serif;\">Webanalyse<br \/>\n<\/span><\/strong><span style=\"font-family: arial, helvetica, sans-serif;\">Dieses Angebot benutzt Google Analytics, als Analysetool und verwendet sog. \u201eCookies\u201c, Textdateien, die auf Computer der Nutzer gespeichert werden und die eine Analyse der Benutzung der Website durch sie erm\u00f6glichen. Die durch die Cookies erzeugten Informationen \u00fcber Benutzung dieser Website durch die Nutzer werden auf dem Server des Anbieters in Deutschland gespeichert.<\/span><\/p>\n<p><span style=\"font-family: arial, helvetica, sans-serif;\">Die IP-Anonymisierung ist auf dieser Website aktiv. Diese Informationen werden benutzen, um die Nutzung der Website durch die Nutzer auszuwerten und Reports \u00fcber die Websiteaktivit\u00e4ten zusammenzustellen.<\/span><\/p>\n<p><span style=\"font-family: arial, helvetica, sans-serif;\">Die Nutzer k\u00f6nnen die Speicherung der Cookies durch eine entsprechende Einstellung Ihrer Browser-Software verhindern; Dieses Angebot weist die Nutzer jedoch darauf hin, dass Sie in diesem Fall gegebenenfalls nicht s\u00e4mtliche Funktionen dieser Website vollumf\u00e4nglich nutzen werden k\u00f6nnen.<\/span><\/p>\n<p><strong><span style=\"font-family: arial, helvetica, sans-serif;\">Widerruf, \u00c4nderungen, Berichtigungen und Aktualisierungen<br \/>\n<\/span><\/strong><span style=\"font-family: arial, helvetica, sans-serif;\">Der Nutzer hat das Recht, auf Antrag unentgeltlich Auskunft zu erhalten \u00fcber die personenbezogenen Daten, die \u00fcber ihn gespeichert wurden. Zus\u00e4tzlich hat der Nutzer das Recht auf Berichtigung unrichtiger Daten, Sperrung und L\u00f6schung seiner personenbezogenen Daten, soweit dem keine gesetzliche Aufbewahrungspflicht entgegensteht.<\/span><\/p>\n","protected":false},"excerpt":{"rendered":"<p>Geltungsbereich Diese Datenschutzerkl\u00e4rung kl\u00e4rt Nutzer \u00fcber die Art, den Umfang und Zwecke der Erhebung und Verwendung personenbezogener Daten durch den verantwortlichen Anbieter: Prof. Dr. Waldemar Greil Alte Landstrasse 70-84 CH-8802 Kilchberg ZH Tel.: Rathausbr\u00fccke [+41] 044 291 00 04 E-Mail:\u00a0\u00a0\u00a0\u00a0\u00a0\u00a0\u00a0\u00a0\u00a0waldemar.greil@gmx.net,\u00a0 Provider: Curriculumdesign auf dieser Website (im folgenden \u201cAngebot\u201d) auf. Zugriffsdaten\/ Server-Logfiles Der Anbieter (beziehungsweise sein &hellip; <\/p>\n<p class=\"link-more\"><a href=\"https:\/\/campus-psychiatrie.de\/?page_id=3\" class=\"more-link\"><span class=\"screen-reader-text\">\u201eDatenschutzerkl\u00e4rung\u201c<\/span> weiterlesen<\/a><\/p>\n","protected":false},"author":1,"featured_media":0,"parent":0,"menu_order":0,"comment_status":"closed","ping_status":"open","template":"","meta":{"footnotes":""},"class_list":["post-3","page","type-page","status-publish","hentry"],"_links":{"self":[{"href":"https:\/\/campus-psychiatrie.de\/index.php?rest_route=\/wp\/v2\/pages\/3","targetHints":{"allow":["GET"]}}],"collection":[{"href":"https:\/\/campus-psychiatrie.de\/index.php?rest_route=\/wp\/v2\/pages"}],"about":[{"href":"https:\/\/campus-psychiatrie.de\/index.php?rest_route=\/wp\/v2\/types\/page"}],"author":[{"embeddable":true,"href":"https:\/\/campus-psychiatrie.de\/index.php?rest_route=\/wp\/v2\/users\/1"}],"replies":[{"embeddable":true,"href":"https:\/\/campus-psychiatrie.de\/index.php?rest_route=%2Fwp%2Fv2%2Fcomments&post=3"}],"version-history":[{"count":8,"href":"https:\/\/campus-psychiatrie.de\/index.php?rest_route=\/wp\/v2\/pages\/3\/revisions"}],"predecessor-version":[{"id":302,"href":"https:\/\/campus-psychiatrie.de\/index.php?rest_route=\/wp\/v2\/pages\/3\/revisions\/302"}],"wp:attachment":[{"href":"https:\/\/campus-psychiatrie.de\/index.php?rest_route=%2Fwp%2Fv2%2Fmedia&parent=3"}],"curies":[{"name":"wp","href":"https:\/\/api.w.org\/{rel}","templated":true}]}}