{"id":38,"date":"2021-02-16T10:44:15","date_gmt":"2021-02-16T09:44:15","guid":{"rendered":"https:\/\/campus-psychiatrie.de\/site\/?page_id=38"},"modified":"2022-03-09T10:33:49","modified_gmt":"2022-03-09T09:33:49","slug":"zertifizierte-fortbildung","status":"publish","type":"page","link":"https:\/\/campus-psychiatrie.de\/?page_id=38","title":{"rendered":"Zertifizierte Fortbildung"},"content":{"rendered":"<p>&nbsp;<\/p>\r\n\r\n\r\n<\/span><\/p>\r\n<p><span style=\"font-size: 16px;\"><strong><span style=\"font-family: arial, helvetica, sans-serif;\">Fach\u00e4rztefortbildung f\u00fcr Psychiater und<br \/>Neurologen in Deutschland und in der Schweiz<\/span><\/strong><\/span><\/p>\r\n<p><span style=\"font-family: arial, helvetica, sans-serif; font-size: 20px;\">\r\n\r\n<\/span><\/p>\r\n<table style=\"border-collapse: collapse; width: 100%;\">\r\n<tbody>\r\n<tr>\r\n<td style=\"width: 60.0212%;\">\r\n<p><span style=\"font-size: 16px; font-family: arial, helvetica, sans-serif;\">F\u00fcr das Themenspektrum Bipolare Erkrankungen, das zunehmend an Bedeutung gewinnt, erarbeitete die Arbeitsgruppe Bipolar unter Leitung von Prof. Waldemar Greil eine wissenschaftlich-neutrale und aktuelle Fortbildung (Blended Learning Konzept)<br \/>f\u00fcr Fach\u00e4rztinnen und Fach\u00e4rzte.<\/span><\/p>\r\n<\/td>\r\n<td style=\"width: 39.9788%;\">\r\n<figure id=\"attachment_66\" aria-describedby=\"caption-attachment-66\" style=\"width: 228px\" class=\"wp-caption alignnone\"><img loading=\"lazy\" decoding=\"async\" class=\" wp-image-66\" src=\"https:\/\/campus-psychiatrie.de\/site\/wp-content\/uploads\/2021\/02\/presse2-e1646818352609.jpg\" alt=\"\" width=\"228\" height=\"244\" \/><figcaption id=\"caption-attachment-66\" class=\"wp-caption-text\">Prof. Heinz Mandl, Frau S.Schestak und Prof. Waldemar Greil auf der Learntec<\/figcaption><\/figure>\r\n<\/td>\r\n<\/tr>\r\n<\/tbody>\r\n<\/table>\r\n<p><span style=\"font-family: arial, helvetica, sans-serif; font-size: 16px;\">Seit 2005 wurde dieses Blended Learning Kursmodell, das von der<\/span><br \/><span style=\"font-family: arial, helvetica, sans-serif; font-size: 16px;\">Bayerischen Landes\u00e4rztekammer mit einer sehr hohen CME-Punktezahl<\/span><br \/><span style=\"font-family: arial, helvetica, sans-serif; font-size: 16px;\">zertifiziert wurde, deutschlandweit in mehreren St\u00e4dten erfolgreich durchgef\u00fchrt<\/span><br \/><span style=\"font-family: arial, helvetica, sans-serif; font-size: 16px;\">(10 Kurse). Seit 2007 werden nach demselben Kursmodell auch <br \/>Fortbildungen in <\/span><span style=\"font-family: arial, helvetica, sans-serif; font-size: 16px;\">verschiedenen St\u00e4dten in der Schweiz angeboten. <br \/>Der 8-w\u00f6chige Kurs, bestehend <\/span><span style=\"font-family: arial, helvetica, sans-serif; font-size: 16px;\">aus zwei Pr\u00e4senzveranstaltungen und einem 7-w\u00f6chigen Selbstlernteil im Internet, <\/span><span style=\"font-family: arial, helvetica, sans-serif; font-size: 16px;\">vermittelt neueste Forschungsergebnisse und stellt aktuelle Fragen der <\/span><span style=\"font-family: arial, helvetica, sans-serif; font-size: 16px;\">Therapiebehandlung in Form von Fallbeispielen zur Diskussion.<br \/><br \/><\/span><span style=\"font-size: 16px;\"><span style=\"font-family: Arial, serif;\"><span lang=\"de-CH\"><strong>Die Fortbildungen finden derzeit nicht mehr statt. Siehe auch nachfolgender Artikel: <\/strong><\/span><\/span><\/span><span style=\"font-size: 16px;\">\u201e<span style=\"font-family: Arial, serif;\"><span lang=\"de-CH\">Blended learning\u201c in der \u00e4rztlichen Fortbildung <\/span><\/span><\/span><span style=\"font-family: Arial, serif; font-size: 16px;\"><span lang=\"de-CH\">Evaluation eines innovativen Fortbildungszyklus \u201eBipolare St\u00f6rungen und verwandte Erkrankungen\u201c <br \/><\/span><\/span><\/p>\r\n<p><span style=\"font-family: Arial, serif; font-size: 16px;\"><span lang=\"de-CH\">W. Greil, I. von Stralendorff &amp; H. Mandl, <\/span><\/span><span style=\"font-size: 16px;\"><a href=\"https:\/\/campus-psychiatrie.de\/wp-content\/uploads\/2022\/02\/210419-Greil_et-al_2011_Der-Nervenarzt_827_Blended-Learning-in-der-a\u0308rztl.Fortbildung.pdf\"><span style=\"color: #a345c9;\"><span style=\"font-family: Helvetica Neue, serif;\"><span lang=\"de-CH\"><i><u><span style=\"font-family: arial, helvetica, sans-serif;\">Der Nervenarzt<\/span><\/u><\/i><\/span><\/span><\/span><\/a><span style=\"font-family: arial, helvetica, sans-serif;\"><span style=\"color: #333333;\"><span lang=\"de-CH\">\u00a0<\/span><\/span><span lang=\"de-CH\"><span style=\"color: #333333;\">Volume<\/span><\/span><span style=\"color: #333333;\"><span lang=\"de-CH\">\u00a082<\/span><\/span><span style=\"color: #333333;\"><span lang=\"de-CH\">,\u00a0<\/span><\/span><span lang=\"de-CH\"><span style=\"color: #333333;\">Sekiten <\/span><\/span><span style=\"color: #333333;\"><span lang=\"de-CH\">895\u2013901 (2011), <\/span><\/span><\/span><\/span><span style=\"font-family: Arial, serif; font-size: 16px;\"><span lang=\"de-CH\">Publiziert: 16 September 2010<\/span><\/span><span style=\"font-family: arial, helvetica, sans-serif; font-size: 20px;\">\u00a0<\/span><\/p>\r\n<p><span style=\"font-family: arial, helvetica, sans-serif; font-size: 20px;\">\r\n\r\n<\/span><\/p>\r\n<p><span style=\"font-family: arial, helvetica, sans-serif; font-size: 16px;\"><strong>Assistenzarztweiterbildung in der Schweiz<br \/><\/strong>F\u00fcr die Facharztweiterbildung Psychiatrie und Psychotherapie<\/span><br \/><span style=\"font-family: arial, helvetica, sans-serif; font-size: 16px;\">in der Region Z\u00fcrich, Zentral- und Nordostschweiz\u00a0wurde mit Unterst\u00fctzung<\/span><br \/><span style=\"font-family: arial, helvetica, sans-serif; font-size: 16px;\">der\u00a0Weiterbildungskommission des Z\u00fcrcher Kollegiums Psychiatrischer<\/span><br \/><span style=\"font-family: arial, helvetica, sans-serif; font-size: 16px;\">Chef\u00e4rztinnen und Chef\u00e4rzte bereits im Jahre 2000 ein einheitliches<\/span><br \/><span style=\"font-family: arial, helvetica, sans-serif; font-size: 16px;\">Internetangebot &gt;Forum Psychiatrie <a href=\"http:\/\/www.forum-psychiatrie.ch\/\" target=\"_blank\" rel=\"noreferrer noopener\">www.forum-psychiatrie.ch<\/a>\u00a0geschaffen.<\/span><br \/><br \/><span style=\"font-family: arial, helvetica, sans-serif; font-size: 16px;\">Angehende Fach\u00e4rztinnen und Fach\u00e4rzte finden in diesem<\/span><br \/><span style=\"font-family: arial, helvetica, sans-serif; font-size: 16px;\">Internetangebot ausf\u00fchrliche Informationen \u00fcber aktuelle<\/span><br \/><span style=\"font-family: arial, helvetica, sans-serif; font-size: 16px;\">Weiterbildungsmodule zur Vorbereitung auf Ihre Facharztpr\u00fcfung.<\/span><br \/><span style=\"font-family: arial, helvetica, sans-serif; font-size: 16px;\">Die \u00c4rzte k\u00f6nnen zudem\u00a0 eigene Kursmodule online buchen<\/span><br \/><span style=\"font-family: arial, helvetica, sans-serif; font-size: 16px;\">und Pr\u00fcfungen im Internet ablegen.<\/span><\/p>\r\n<p><span style=\"font-family: arial, helvetica, sans-serif; font-size: 16px;\">\r\n\r\n<\/span><\/p>\r\n<p><span style=\"font-family: arial, helvetica, sans-serif; font-size: 16px;\">Das <strong>seit 2001 erfolgreich<\/strong> genutzte Lernangebot bietet<\/span><br \/><span style=\"font-family: arial, helvetica, sans-serif; font-size: 16px;\">Schweizer Assistenz\u00e4rzten eine flexible Weiterbildungsm\u00f6glichkeit<\/span><br \/><span style=\"font-family: arial, helvetica, sans-serif; font-size: 16px;\">mit modernsten Medien.Siehe auch Artikel: <a href=\"https:\/\/campus-psychiatrie.de\/site\/wp-content\/uploads\/2021\/04\/210419-Greil_et-al_2011_Der-Nervenarzt_827_Blended-Learning-in-der-a\u0308rztl.Fortbildung.pdf\">&#8222;<\/a>Facharztausbildung online\u201c<br \/>in NEUROTRANSMITTER 11\/04&#8243;.<\/span><\/p>\r\n<p><a href=\"https:\/\/campus-psychiatrie.de\/wp-content\/uploads\/2022\/02\/220225 190303 Ammann lang Greil WB ZH neurotransmitter 2004.pdf\">hier lesen<\/a><\/p>\r\n<p><span style=\"font-family: arial, helvetica, sans-serif; font-size: 16px;\">\r\n\r\n<\/span><\/p>\r\n<p><span style=\"font-family: arial, helvetica, sans-serif; font-size: 20px;\"><span lang=\"de-CH\"><span style=\"font-size: 16px;\">Die Weiterbildungsveranstaltungen werden jetzt vom <a href=\"https:\/\/forum-psychiatrie.ch\/index.php\">Weiterbildungsverein Psychiatrie und Psychotherapie<\/a> \u2013 Z\u00fcrich, Zentral-, Nord- und Ostschweiz (WBV) organisiert.<\/span> <br \/><\/span><\/span><\/p>\r\n","protected":false},"excerpt":{"rendered":"<p>&nbsp; Fach\u00e4rztefortbildung f\u00fcr Psychiater undNeurologen in Deutschland und in der Schweiz F\u00fcr das Themenspektrum Bipolare Erkrankungen, das zunehmend an Bedeutung gewinnt, erarbeitete die Arbeitsgruppe Bipolar unter Leitung von Prof. Waldemar Greil eine wissenschaftlich-neutrale und aktuelle Fortbildung (Blended Learning Konzept)f\u00fcr Fach\u00e4rztinnen und Fach\u00e4rzte. Seit 2005 wurde dieses Blended Learning Kursmodell, das von derBayerischen Landes\u00e4rztekammer mit einer &hellip; <\/p>\n<p class=\"link-more\"><a href=\"https:\/\/campus-psychiatrie.de\/?page_id=38\" class=\"more-link\"><span class=\"screen-reader-text\">\u201eZertifizierte Fortbildung\u201c<\/span> weiterlesen<\/a><\/p>\n","protected":false},"author":1,"featured_media":0,"parent":0,"menu_order":0,"comment_status":"closed","ping_status":"closed","template":"","meta":{"footnotes":""},"class_list":["post-38","page","type-page","status-publish","hentry"],"_links":{"self":[{"href":"https:\/\/campus-psychiatrie.de\/index.php?rest_route=\/wp\/v2\/pages\/38","targetHints":{"allow":["GET"]}}],"collection":[{"href":"https:\/\/campus-psychiatrie.de\/index.php?rest_route=\/wp\/v2\/pages"}],"about":[{"href":"https:\/\/campus-psychiatrie.de\/index.php?rest_route=\/wp\/v2\/types\/page"}],"author":[{"embeddable":true,"href":"https:\/\/campus-psychiatrie.de\/index.php?rest_route=\/wp\/v2\/users\/1"}],"replies":[{"embeddable":true,"href":"https:\/\/campus-psychiatrie.de\/index.php?rest_route=%2Fwp%2Fv2%2Fcomments&post=38"}],"version-history":[{"count":37,"href":"https:\/\/campus-psychiatrie.de\/index.php?rest_route=\/wp\/v2\/pages\/38\/revisions"}],"predecessor-version":[{"id":565,"href":"https:\/\/campus-psychiatrie.de\/index.php?rest_route=\/wp\/v2\/pages\/38\/revisions\/565"}],"wp:attachment":[{"href":"https:\/\/campus-psychiatrie.de\/index.php?rest_route=%2Fwp%2Fv2%2Fmedia&parent=38"}],"curies":[{"name":"wp","href":"https:\/\/api.w.org\/{rel}","templated":true}]}}