{"id":46,"date":"2021-02-05T14:46:52","date_gmt":"2021-02-05T13:46:52","guid":{"rendered":"https:\/\/campus-psychiatrie.de\/site\/?page_id=46"},"modified":"2023-10-03T11:53:33","modified_gmt":"2023-10-03T09:53:33","slug":"buchbestellungen","status":"publish","type":"page","link":"https:\/\/campus-psychiatrie.de\/?page_id=46","title":{"rendered":"Buchbestellungen"},"content":{"rendered":"<p>&nbsp;<\/p>\r\n<table style=\"border-collapse: collapse; width: 100%; height: 2502px;\">\r\n<tbody>\r\n<tr style=\"height: 162px;\">\r\n<td style=\"width: 75.2976%; height: 162px;\"><span style=\"font-family: arial, helvetica, sans-serif;\">Tobias Ballweg, Peter H\u00f6sly, Rene Bridler, <br \/>Walter Bosshard:<strong>&#8222;Ohne gestern ist morgen kein Heute&#8220;<br \/><\/strong><a href=\"https:\/\/www.amazon.de\/Ohne-Gestern-morgen-kein-Heute\/dp\/3280056195\/ref=sr_1_1?__mk_de_DE=%C3%85M%C3%85%C5%BD%C3%95%C3%91&amp;crid=18W4PWK7EJND3&amp;keywords=ohne+gestern+ist+morgen+kein+heute&amp;qid=1645890689&amp;sprefix=ohne+gestern+ist+morgen+kein+heute%2Caps%2C80&amp;sr=8-1\">Link zu Amazon<\/a><strong><br \/>150 Jahre Sanatorium Kilchberg, <br \/>Auszug zu Prof. Greil als Chefarzt der Klinik <a href=\"https:\/\/campus-psychiatrie.de\/wp-content\/uploads\/2022\/02\/220226-de-Bardec-Greil-EAPC-2022-DDL-citalopram-6b9f45af-5f42-4f4f-9b5d-4a3a7ddc2b15.pdf\">Artikel (Pdf)\u00a0<\/a><br \/><br \/><br \/><\/strong><\/span><\/td>\r\n<td style=\"width: 24.7024%; height: 162px;\"><img loading=\"lazy\" decoding=\"async\" class=\"aligncenter wp-image-165 size-full\" src=\"https:\/\/campus-psychiatrie.de\/wp-content\/uploads\/2021\/02\/buch.jpg\" alt=\"\" width=\"200\" height=\"240\" \/><\/td>\r\n<\/tr>\r\n<tr style=\"height: 498px;\">\r\n<td style=\"width: 75.2976%; height: 440px;\">J<span style=\"font-family: arial, helvetica, sans-serif;\">ohn Irving: <strong><strong>&#8222;Bis ich Dich finde&#8220;<br \/><\/strong><\/strong><\/span>\r\n<p><span style=\"font-family: arial, helvetica, sans-serif;\">John Irving recherchierte im Sanatorium Kilchberg, w\u00e4hlte die Klinik als <\/span><span style=\"font-family: arial, helvetica, sans-serif;\">Schauplatz des Romans und beschreibt auch deren \u00c4rzte.<\/span> &#8222;<span style=\"font-family: arial, helvetica, sans-serif;\">Bis ich dich finde&#8220; ist die Geschichte des Schauspielers Jack Burns. <\/span><span style=\"font-family: arial, helvetica, sans-serif;\">Seine Mutter ist T\u00e4towiererin, sein Vater ein Organist, der verschwunden ist.<\/span><br \/><span style=\"font-family: arial, helvetica, sans-serif;\">Ein Roman \u00fcber Obsessionen und Freundschaften; \u00fcber fehlende V\u00e4ter und <\/span><span style=\"font-family: arial, helvetica, sans-serif;\">(zu) starke M\u00fctter; \u00fcber Kirchenorgeln, Ringen und Tattoos; \u00fcber gestohlene <\/span><span style=\"font-family: arial, helvetica, sans-serif;\">Kindheit, tr\u00fcgerische Erinnerungen und \u00fcber die Suche nach der einen <br \/>Person, <\/span><span style=\"font-family: arial, helvetica, sans-serif;\">die unserem Leben endlich einen Sinn gibt.<br \/><br \/><\/span><span style=\"font-family: arial, helvetica, sans-serif;\"><strong>Bestellm\u00f6glichkeiten im Internet:<\/strong> <a href=\"http:\/\/www.amazon.de\/Bis-dich-finde-John-Irving\/dp\/3257236212\/ref=sr_1_1?ie=UTF8&amp;s=books&amp;qid=1243325100&amp;sr=1-1\" target=\"_blank\" rel=\"noreferrer noopener\">www.amazon.de<\/a><a href=\"http:\/\/www.books.ch\/detail\/ISBN-9783257236217\/Irving-John\/Bis-ich-dich-finde\" target=\"_blank\" rel=\"noreferrer noopener\">\u00a0<\/a> <br \/>Siehe auch PDF: <a href=\"https:\/\/campus-psychiatrie.de\/?page_id=46\">John Irving &#8222;Verr\u00fcckte Story am Z\u00fcrichsee<\/a> und <a href=\"https:\/\/campus-psychiatrie.de\/site\/wp-content\/uploads\/2021\/04\/200801-Neurotransmitter-Artikel-Koepf-John-Irving-Greil.pdf\">&#8222;Bis ich dich finde: <\/a><\/span><span style=\"font-family: arial, helvetica, sans-serif;\"><a href=\"https:\/\/campus-psychiatrie.de\/site\/wp-content\/uploads\/2021\/04\/200801-Neurotransmitter-Artikel-Koepf-John-Irving-Greil.pdf\">Psychopathologie in Kunst und Literatur<\/a>\u201c <\/span><span style=\"font-family: arial, helvetica, sans-serif;\">und <a href=\"https:\/\/campus-psychiatrie.de\/site\/wp-content\/uploads\/2021\/04\/200526-Greil-Interview-BrainMag-Bonini-BM_200514_20_2.pdf\">&#8222;Ich stand Modell f\u00fcr einen fiktiven Chefarzt&#8220;<\/a> BrainMag 2020, Interview<br \/><\/span><\/p>\r\n<p><!-- \/wp:post-content -->\r\n\r\n<!-- wp:paragraph --><\/p>\r\n<\/td>\r\n<td style=\"width: 24.7024%; height: 440px; vertical-align: top;\">\r\n<p>&nbsp;<\/p>\r\n<p><img loading=\"lazy\" decoding=\"async\" class=\"alignnone wp-image-73 size-full\" src=\"https:\/\/campus-psychiatrie.de\/wp-content\/uploads\/2021\/02\/buch2.png\" alt=\"\" width=\"100\" height=\"158\" \/><\/p>\r\n<\/td>\r\n<\/tr>\r\n<tr style=\"height: 531px;\">\r\n<td style=\"width: 75.2976%; height: 531px;\"><span style=\"font-family: arial, helvetica, sans-serif;\"><strong>Stimmungsstabilisierende Therapien bei manisch-depressiven (bipolaren) <\/strong><strong>Erkrankungen von W. Greil und D. Giersch<\/strong><\/span><br \/><span style=\"font-family: arial, helvetica, sans-serif;\">Krankheitsbild, Ursachen und Behandlungsm\u00f6glichkeiten der manisch-depressiven(\u201ebipolaren\u201c) Erkrankung werden in diesem Fachbuch gut verst\u00e4ndlich dargestellt.Der Schwerpunkt liegt auf Medikamenten und anderen Therapien, die zur <\/span><span style=\"font-family: arial, helvetica, sans-serif;\">Stabilisierung der Stimmung eingesetzt werden. <br \/><br \/><strong>Das Buch richtet sich an:<\/strong><br \/>\u00a0 <br \/>\u2022 Betroffene, die mehr \u00fcber ihre Erkrankung\u00a0 und \u00fcber<\/span><br \/><span style=\"font-family: arial, helvetica, sans-serif;\">\u00a0 Behandlungsm\u00f6glichkeiten erfahren wollen <br \/>\u2022 Angeh\u00f6rige, die das Leiden ihres Familienmitglieds besser<br \/>\u00a0 verstehen und die Behandlung unterst\u00fctzen m\u00f6chten, <br \/>\u2022 Therapeuten &#8211; \u00c4rzte, Psychotherapeuten und andere im <br \/>\u00a0 psychiatrischen<\/span><span style=\"font-family: arial, helvetica, sans-serif;\"> Bereich T\u00e4tige -, die sich praxisorientiert<br \/>\u00a0 informieren wollen. Bestellm\u00f6glichkeiten im Internet: <br \/>\u00a0 Bestellung bei <a href=\"https:\/\/www.amazon.de\/Stimmungsstabilisierende-Therapien-bei-manisch-depressiven-Erkrankungen\/dp\/3131344911\/ref=sr_1_1?__mk_de_DE=%C3%85M%C3%85%C5%BD%C3%95%C3%91&amp;dchild=1&amp;keywords=stimmungsstabilisierende&amp;qid=1617648290&amp;sr=8-1\">Amazon<\/a> <\/span><\/td>\r\n<td style=\"width: 24.7024%; height: 531px; vertical-align: top;\"><img loading=\"lazy\" decoding=\"async\" class=\"alignnone wp-image-74 size-full\" src=\"https:\/\/campus-psychiatrie.de\/wp-content\/uploads\/2021\/02\/buch1.png\" alt=\"\" width=\"100\" height=\"150\" \/><\/td>\r\n<\/tr>\r\n<tr style=\"height: 1080px;\">\r\n<td style=\"width: 75.2976%; height: 1080px;\">\r\n<p><span style=\"font-family: arial, helvetica, sans-serif;\"><strong>Die Lithiumtherapie: Nutzen, Risiken, Alternativen:<\/strong> Amazon.de: M\u00fcller-Oerlinghausen, B., Greil, W., <br \/>Bergh\u00f6fer, A.: B\u00fccher\u00a0 2. Auflage 1997, <br \/>Zu beziehen: <a href=\"https:\/\/www.amazon.de\/Die-Lithiumtherapie-Nutzen-Risiken-Alternativen\/dp\/3642645704\/ref=sr_1_1?__mk_de_DE=%C3%85M%C3%85%C5%BD%C3%95%C3%91&amp;dchild=1&amp;keywords=Lithiumtherapie&amp;qid=1622963818&amp;sr=8-1\">Amazon <\/a>, <a href=\"https:\/\/link.springer.com\/book\/10.1007\/978-3-642-60819-3\">Springer<\/a><\/span><strong><br \/><\/strong><\/p>\r\n<p>&nbsp;<\/p>\r\n<p><strong><br \/>T<span style=\"font-family: arial, helvetica, sans-serif;\">he Origins of depression : current concepts and approaches : report <br \/>of the Dahlem Workshop on the Origins of Depression: Current Concepts and Approaches<\/span><\/strong><span style=\"font-family: arial, helvetica, sans-serif;\">, Berlin, 1982, Oct. 31-Nov. 5<\/span><\/p>\r\n<p><span style=\"font-family: arial, helvetica, sans-serif;\">Autor:\u00a0 Jules Angst; S A Checkley; Dahlem Konferenzen.; Stifterverband fu\u0308r die Deutsche Wissenschaft.; Heinz Breuninger Stiftung.<\/span><\/p>\r\n<p><span style=\"font-family: arial, helvetica, sans-serif;\">Verlag: Berlin ; New York : Springer-Verlag, 1983.<\/span><\/p>\r\n<p><em><span style=\"font-family: arial, helvetica, sans-serif;\">Buch nur antiquarisch erh\u00e4ltlich.<br \/><br \/><\/span><\/em><strong><span style=\"font-family: arial, helvetica, sans-serif;\">Treffen international f\u00fchrender Depressionsforscher:\u00a0Foto und Bericht der Arbeitsgruppe &#8222;Animal Models&#8220; <\/span><\/strong><span style=\"font-family: arial, helvetica, sans-serif;\">gerne <\/span><em><span style=\"font-family: arial, helvetica, sans-serif;\"><br \/><a href=\"https:\/\/campus-psychiatrie.de\/wp-content\/uploads\/2022\/02\/220226-Dahlem-Konferenz-Foto-Text-Reite1983_Chapter_AnimalModels.pdf\">siehe Pdf &#8211; Datei Dahlemkonferenz<\/a><br \/><\/span><\/em><\/p>\r\n<p><img loading=\"lazy\" decoding=\"async\" class=\"alignnone wp-image-482 size-medium\" src=\"https:\/\/campus-psychiatrie.de\/wp-content\/uploads\/2022\/02\/Dahlem-205x300.jpg\" alt=\"\" width=\"205\" height=\"300\" srcset=\"https:\/\/campus-psychiatrie.de\/wp-content\/uploads\/2022\/02\/Dahlem-205x300.jpg 205w, https:\/\/campus-psychiatrie.de\/wp-content\/uploads\/2022\/02\/Dahlem-701x1024.jpg 701w, https:\/\/campus-psychiatrie.de\/wp-content\/uploads\/2022\/02\/Dahlem-768x1123.jpg 768w, https:\/\/campus-psychiatrie.de\/wp-content\/uploads\/2022\/02\/Dahlem.jpg 964w\" sizes=\"auto, (max-width: 205px) 100vw, 205px\" \/><\/p>\r\n<\/td>\r\n<td style=\"width: 24.7024%; height: 1080px; vertical-align: top;\">\r\n<p><img loading=\"lazy\" decoding=\"async\" class=\"alignnone wp-image-535 size-medium\" src=\"https:\/\/campus-psychiatrie.de\/wp-content\/uploads\/2022\/02\/Lithiumtherapie-192x300.jpg\" alt=\"\" width=\"192\" height=\"300\" srcset=\"https:\/\/campus-psychiatrie.de\/wp-content\/uploads\/2022\/02\/Lithiumtherapie-192x300.jpg 192w, https:\/\/campus-psychiatrie.de\/wp-content\/uploads\/2022\/02\/Lithiumtherapie.jpg 476w\" sizes=\"auto, (max-width: 192px) 100vw, 192px\" \/><\/p>\r\n<p>&nbsp;<\/p>\r\n<p>&nbsp;<\/p>\r\n<p>&nbsp;<\/p>\r\n<p>&nbsp;<\/p>\r\n<p>&nbsp;<\/p>\r\n<p>&nbsp;<\/p>\r\n<p>&nbsp;<\/p>\r\n<p>&nbsp;<\/p>\r\n<p>&nbsp;<\/p>\r\n<\/td>\r\n<\/tr>\r\n<tr style=\"height: 289px;\">\r\n<td style=\"width: 75.2976%; height: 289px;\">\r\n<p><span style=\"font-family: arial, helvetica, sans-serif;\"><strong>Serie &#8222;Psychiatrie f\u00fcr die Praxis&#8220;\u00a0<\/strong><\/span><span style=\"font-family: arial, helvetica, sans-serif;\"><strong> <br \/><\/strong>Hier zwei Beispiele der Schriften zur j\u00e4hrlichen Fortbildung f\u00fcr \u00c4rzte<strong> <br \/>Nr. 7<\/strong> und <strong>Nr. 23.<\/strong> Autor: H. Helmchen, H. Hippius unter Mitarbeit von W.Greil,S.Kaumeier, M.Linden, J. Tegeler, Verlag: MMV Medizin Verlag M\u00fcnchen <br \/><strong><br \/><\/strong><a href=\"https:\/\/www.booklooker.de\/B%C3%BCcher\/Psychiatrie-f%C3%BCr-die-Praxis-23\/id\/A01ZbUNl01ZZe\">Link zum Shop <\/a><strong><br \/><br \/><br \/><br \/><br \/><br \/><br \/><br \/><br \/><br \/><\/strong><\/span><\/p>\r\n<\/td>\r\n<td style=\"width: 24.7024%; height: 289px; vertical-align: top;\">\r\n<p><img loading=\"lazy\" decoding=\"async\" class=\"alignnone wp-image-509 size-medium\" src=\"https:\/\/campus-psychiatrie.de\/wp-content\/uploads\/2022\/02\/220225-Psychiatrie-fuer-die-Praxis-7-217x300.jpg\" alt=\"\" width=\"217\" height=\"300\" srcset=\"https:\/\/campus-psychiatrie.de\/wp-content\/uploads\/2022\/02\/220225-Psychiatrie-fuer-die-Praxis-7-217x300.jpg 217w, https:\/\/campus-psychiatrie.de\/wp-content\/uploads\/2022\/02\/220225-Psychiatrie-fuer-die-Praxis-7.jpg 397w\" sizes=\"auto, (max-width: 217px) 100vw, 217px\" \/><br \/><br \/><img loading=\"lazy\" decoding=\"async\" class=\"alignnone wp-image-548 size-medium\" src=\"https:\/\/campus-psychiatrie.de\/wp-content\/uploads\/2022\/02\/Hanfried-Hippius-HelmchenPsychiatrie-fuer-die-Praxis-23-224x300.jpg\" alt=\"\" width=\"224\" height=\"300\" srcset=\"https:\/\/campus-psychiatrie.de\/wp-content\/uploads\/2022\/02\/Hanfried-Hippius-HelmchenPsychiatrie-fuer-die-Praxis-23-224x300.jpg 224w, https:\/\/campus-psychiatrie.de\/wp-content\/uploads\/2022\/02\/Hanfried-Hippius-HelmchenPsychiatrie-fuer-die-Praxis-23.jpg 300w\" sizes=\"auto, (max-width: 224px) 100vw, 224px\" \/><\/p>\r\n<\/td>\r\n<\/tr>\r\n<\/tbody>\r\n<\/table>\r\n<p>&nbsp;<\/p>\r\n<p>&nbsp;<\/p>\r\n<!-- \/wp:paragraph -->\r\n\r\n<!-- wp:paragraph -->\r\n<p>&nbsp;<\/p>\r\n<!-- \/wp:paragraph -->","protected":false},"excerpt":{"rendered":"<p>&nbsp; Tobias Ballweg, Peter H\u00f6sly, Rene Bridler, Walter Bosshard:&#8222;Ohne gestern ist morgen kein Heute&#8220;Link zu Amazon150 Jahre Sanatorium Kilchberg, Auszug zu Prof. Greil als Chefarzt der Klinik Artikel (Pdf)\u00a0 John Irving: &#8222;Bis ich Dich finde&#8220; John Irving recherchierte im Sanatorium Kilchberg, w\u00e4hlte die Klinik als Schauplatz des Romans und beschreibt auch deren \u00c4rzte. &#8222;Bis ich &hellip; <\/p>\n<p class=\"link-more\"><a href=\"https:\/\/campus-psychiatrie.de\/?page_id=46\" class=\"more-link\"><span class=\"screen-reader-text\">\u201eBuchbestellungen\u201c<\/span> weiterlesen<\/a><\/p>\n","protected":false},"author":1,"featured_media":0,"parent":0,"menu_order":0,"comment_status":"closed","ping_status":"closed","template":"","meta":{"footnotes":""},"class_list":["post-46","page","type-page","status-publish","hentry"],"_links":{"self":[{"href":"https:\/\/campus-psychiatrie.de\/index.php?rest_route=\/wp\/v2\/pages\/46","targetHints":{"allow":["GET"]}}],"collection":[{"href":"https:\/\/campus-psychiatrie.de\/index.php?rest_route=\/wp\/v2\/pages"}],"about":[{"href":"https:\/\/campus-psychiatrie.de\/index.php?rest_route=\/wp\/v2\/types\/page"}],"author":[{"embeddable":true,"href":"https:\/\/campus-psychiatrie.de\/index.php?rest_route=\/wp\/v2\/users\/1"}],"replies":[{"embeddable":true,"href":"https:\/\/campus-psychiatrie.de\/index.php?rest_route=%2Fwp%2Fv2%2Fcomments&post=46"}],"version-history":[{"count":73,"href":"https:\/\/campus-psychiatrie.de\/index.php?rest_route=\/wp\/v2\/pages\/46\/revisions"}],"predecessor-version":[{"id":583,"href":"https:\/\/campus-psychiatrie.de\/index.php?rest_route=\/wp\/v2\/pages\/46\/revisions\/583"}],"wp:attachment":[{"href":"https:\/\/campus-psychiatrie.de\/index.php?rest_route=%2Fwp%2Fv2%2Fmedia&parent=46"}],"curies":[{"name":"wp","href":"https:\/\/api.w.org\/{rel}","templated":true}]}}