{"id":57,"date":"2021-02-05T14:53:36","date_gmt":"2021-02-05T13:53:36","guid":{"rendered":"https:\/\/campus-psychiatrie.de\/site\/?page_id=57"},"modified":"2022-03-09T10:30:31","modified_gmt":"2022-03-09T09:30:31","slug":"zur-person-w-greil","status":"publish","type":"page","link":"https:\/\/campus-psychiatrie.de\/?page_id=57","title":{"rendered":"Zur Person"},"content":{"rendered":"\r\n\r\n\r\n<table class=\" alignleft\" style=\"width: 164.484%; border-collapse: collapse;\">\r\n<tbody>\r\n<tr>\r\n<td style=\"width: 60.995%;\"><span style=\"font-family: arial, helvetica, sans-serif; font-size: 16px;\">Vom Mai 1992 bis Februar 2007 war Prof. Dr. med. Waldemar Greil<\/span>\r\n<p><span style=\"font-size: 16px;\"><span style=\"font-family: arial, helvetica, sans-serif;\">\u00c4rztlicher <\/span><span style=\"font-family: arial, helvetica, sans-serif;\">Direktor <\/span><span style=\"font-family: arial, helvetica, sans-serif;\">in der Psychiatrischen Klinik Sanatorium Kilchberg<br \/>bei Z\u00fcrich, Schweiz. <br \/><\/span><span style=\"font-family: arial, helvetica, sans-serif;\">Er ist dort weiterhin als wissenschaftlicher Beirat t\u00e4tig und <br \/>f\u00fchrt in der Klinik eine <\/span><\/span><span style=\"font-family: arial, helvetica, sans-serif; font-size: 20px;\"><span style=\"font-size: 16px;\">Praxis f\u00fcr Psychiatrie und Psychotherapie.<\/span><br \/><br \/><span style=\"font-size: 16px;\"><strong>Informationen zur Klinik<\/strong>: <br \/>Website: <a href=\"https:\/\/www.sanatorium-kilchberg.ch\">www.sanatorium-kilchberg.ch<\/a><br \/>Z<\/span><\/span><span style=\"font-family: arial, helvetica, sans-serif;\">ur Geschichte des <a href=\"https:\/\/www.sanatorium-kilchberg.ch\/ueber-uns\/geschichte-tradition-refugium\/\">Sanatoriums<\/a>,<strong> Chefarzt W.Greil<\/strong> (1992 bis 2007)<br \/><br \/><\/span><span style=\"font-family: arial, helvetica, sans-serif; font-size: 20px;\"><span style=\"font-size: 16px;\"><strong>Standort seiner Praxis in der Stadt Z\u00fcrich:<\/strong><\/span><br \/><span style=\"font-size: 16px;\">Praxis Rathausbr\u00fccke <a href=\"http:\/\/www.praxisrathausbruecke.ch\/\">www.praxisrathausbruecke.ch<\/a><\/span><br \/><\/span><\/p>\r\n<\/td>\r\n<td style=\"width: 93.4906%;\">\r\n<p><img loading=\"lazy\" decoding=\"async\" class=\"alignnone  wp-image-493\" src=\"https:\/\/campus-psychiatrie.de\/site\/wp-content\/uploads\/2022\/02\/Greil2022-e1646818199126-275x300.jpg\" alt=\"\" width=\"325\" height=\"355\" srcset=\"https:\/\/campus-psychiatrie.de\/wp-content\/uploads\/2022\/02\/Greil2022-e1646818199126-275x300.jpg 275w, https:\/\/campus-psychiatrie.de\/wp-content\/uploads\/2022\/02\/Greil2022-e1646818199126-939x1024.jpg 939w, https:\/\/campus-psychiatrie.de\/wp-content\/uploads\/2022\/02\/Greil2022-e1646818199126-768x837.jpg 768w, https:\/\/campus-psychiatrie.de\/wp-content\/uploads\/2022\/02\/Greil2022-e1646818199126.jpg 1174w\" sizes=\"auto, (max-width: 325px) 100vw, 325px\" \/><span style=\"font-family: arial, helvetica, sans-serif;\"><br \/>Prof.Dr. med. Waldemar Greil<\/span><\/p>\r\n<\/td>\r\n<\/tr>\r\n<\/tbody>\r\n<\/table>\r\n<p>\u200b<\/p>\r\n\r\n\r\n\r\n\r\n\r\n<p><span style=\"font-size: 16px;\"><strong><span style=\"font-family: arial, helvetica, sans-serif;\">Parallel arbeitet er als au\u00dferplanm\u00e4\u00dfiger Professor und <\/span><\/strong><\/span><span style=\"font-family: arial, helvetica, sans-serif;\"><span style=\"font-size: 16px;\"><strong>Gastwissenschaftler an der Psychiatrischen Klinik Universit\u00e4t M\u00fcnchen<\/strong> (Ludwig-Maximilians-Universit\u00e4t M\u00fcnchen \/LMU), insbesondere im Themenspektrum Prophylaxe affektiver St\u00f6rungen und Arzneimittelsicherheit.<br \/><\/span><br \/><a href=\"https:\/\/www.lmu-klinikum.de\/psychiatrie-und-psychotherapie\/forschung-research\/researchers\/1f52d200ebb4fca7\">Link zur LMU Forschung\/ Researcher<\/a><br \/><\/span><\/p>\r\n\r\n\r\n\r\n<p><span style=\"font-family: arial, helvetica, sans-serif; font-size: 16px;\"><strong>Weitere T\u00e4tigkeiten und Funktionen<\/strong> <strong>(Stand M\u00e4rz 2021, Links siehe unten)<\/strong><\/span><br \/><span style=\"font-family: arial, helvetica, sans-serif; font-size: 16px;\">&#8211; Ausserplanm\u00e4\u00dfiger Professor f\u00fcr Psychiatrie, Gastwissenschaftler <br \/>\u00a0 Universit\u00e4t M\u00fcnchen (<a href=\"http:\/\/www.klinikum.uni-muenchen.de\/Klinik-und-Poliklinik-fuer-Psychiatrie-und-Psychotherapie\/de\/ueber_uns\/team\/greil\/index.html\">LMU<\/a>)<\/span><br \/><span style=\"font-size: 16px;\"><span style=\"font-family: arial, helvetica, sans-serif;\">&#8211; Wissenschaftlicher Beirat Sanatorium Kilchberg Psychiatrische Privatklinik<br \/>\u00a0 <\/span><span style=\"font-family: arial, helvetica, sans-serif;\">(ehemaliger \u00c4rztlicher Direktor, 1992 &#8211; Februar 2007)<br \/>\u00a0 <a href=\"http:\/\/www.sanatorium-kilchberg.ch\/ueber-uns\/geschichte-tradition-refugium\/\">Geschichte<\/a><\/span><\/span><br \/><span style=\"font-size: 16px;\"><span style=\"font-family: arial, helvetica, sans-serif;\">&#8211; Derzeit Mitarbeit beim Projekt Arztneimittelsicherheit in der Psychiatrie (AMSP); <br \/>\u00a0 vormals Leiter einer wissenschaftlichen Arbeitsgruppe zur Prophylaxe affektiver <br \/>\u00a0 St\u00f6rungen, Psychiatrische Klinik, Klinikum der Universit\u00e4t M\u00fcnchen (<a href=\"https:\/\/www.lmu-klinikum.de\/psychiatrie-und-psychotherapie\/klinik-kompakt\/unser-team\/d1bc1ef1061c4619\">LMU<\/a>) <br \/><\/span>&#8211; <span style=\"font-family: arial, helvetica, sans-serif;\">Vize-Pr\u00e4sident, Schweizerische Gesellschaft f\u00fcr Arzneimittelsicherheit <br \/>\u00a0\u00a0 in der Psychiatrie (SGAMSP) <br \/><\/span><\/span><span style=\"font-family: arial, helvetica, sans-serif; font-size: 20px;\"><span style=\"font-size: 16px;\">&#8211; Vorstandsmitglied, Schweizerische Gesellschaft f\u00fcr Bipolare St\u00f6rungen<\/span><br \/><span style=\"font-size: 16px;\">\u00a0\u00a0 (SGBS); www.swiss-bipolar.ch<\/span><br \/><\/span><span style=\"font-size: 16px;\"><span style=\"font-family: arial, helvetica, sans-serif;\">&#8211; ehemals (bis 2010): Leiter der Greil Campus Psychiatrie, Projekte in <br \/>\u00a0\u00a0 Forschung und Lehre, vor allem Blended Learning Kurse zu Bipolaren <br \/>\u00a0\u00a0 St\u00f6rungen <br \/><\/span><span style=\"font-family: arial, helvetica, sans-serif;\">&#8211; ehemals (bis 2019) Dozent in Klinischer Psychologie, Psychopathology <br \/>\u00a0 Taught Online (PTO), Universit\u00e4t Bern, <br \/>\u00a0\u00a0 Philosophisch-humanwissenschaftliche Fakult\u00e4t<\/span><\/span><\/p>\r\n\r\n\r\n\r\n<p><span style=\"font-family: arial, helvetica, sans-serif; font-size: 20px;\">\r\n\r\n<\/span><\/p>\r\n<p><span style=\"font-family: arial, helvetica, sans-serif; font-size: 20px;\">\r\n\r\n<\/span><\/p>\r\n<p><span style=\"font-family: arial, helvetica, sans-serif; font-size: 20px;\">\r\n\r\n<\/span><\/p>\r\n<p><span style=\"font-family: arial, helvetica, sans-serif; font-size: 20px;\">\r\n\r\n<\/span><\/p>\r\n<p><span style=\"font-family: arial, helvetica, sans-serif; font-size: 16px;\"><strong>Links zu den Gesellschaften und Forschungseinrichtungen<\/strong>:<br \/><a href=\"http:\/\/swiss-bipolar.ch\/uber-sgbs\/vorstand\/curriculum-waldemar-greil\/\">http:\/\/swiss-bipolar.ch\/uber-sgbs\/vorstand\/curriculum-waldemar-greil\/<\/a><\/span><\/p>\r\n<p><span style=\"font-size: 16px; font-family: arial, helvetica, sans-serif;\"> <u><a href=\"https:\/\/sgamsp.ch\/vorstand\/\"><span lang=\"de-CH\">https:\/\/sgamsp.ch\/vorstand\/<\/span><\/a><\/u><\/span><\/p>\r\n<p><a href=\"https:\/\/www.lmu-klinikum.de\/psychiatrie-und-psychotherapie\/forschung-research\/researchers\/1f52d200ebb4fca7\"><span style=\"font-family: arial, helvetica, sans-serif;\">https:\/\/www.lmu-klinikum.de\/psychiatrie-und-psychotherapie\/forschung-research\/researchers\/1f52d200ebb4fca7<\/span><\/a><\/p>\r\n<p><span style=\"color: #0000ff; font-size: 16px; font-family: arial, helvetica, sans-serif;\"><u><a href=\"https:\/\/www.klaus-grawe-institut.ch\/ueber-uns\/forschung-qualitaetssicherung-wissenschaftlicher-beirat\/\"><span lang=\"de-CH\">https:\/\/www.klaus-grawe-institut.ch\/ueber-uns\/forschung-qualitaetssicherung-wissenschaftlicher-beirat\/<\/span><\/a><\/u><\/span><\/p>\r\n<p><a href=\"https:\/\/www.selofoundation.ch\/stiftungsrat\/\"><span style=\"font-size: 20px; font-family: arial, helvetica, sans-serif; color: #000000;\"><span lang=\"de-CH\"><span style=\"font-size: 16px;\">https:\/\/www.selofoundation.ch\/stiftungsrat\/<\/span><\/span><\/span><\/a><\/p>\r\n<p><strong><span style=\"font-family: arial, helvetica, sans-serif; font-size: 20px;\"><span style=\"font-size: 16px;\">Ausbildung<\/span><\/span><\/strong><br \/><span style=\"font-family: arial, helvetica, sans-serif; font-size: 16px;\">Studium: Universit\u00e4ten M\u00fcnchen, Marburg, Wien und Heidelberg, Abschluss 1969<\/span><br \/><br \/><span style=\"font-family: arial, helvetica, sans-serif; font-size: 16px;\"><strong>\u00c4rztliche Berufst\u00e4tigkeit (Klinik)<\/strong><\/span><br \/><br \/><span style=\"font-family: arial, helvetica, sans-serif; font-size: 16px;\">1969-1970\u00a0\u00a0\u00a0 Medizinischer Assistent Kliniken der Universit\u00e4t Heidelberg<\/span><br \/><span style=\"font-family: arial, helvetica, sans-serif; font-size: 16px;\">\u00a0\u00a0\u00a0\u00a0\u00a0\u00a0\u00a0\u00a0\u00a0\u00a0\u00a0\u00a0\u00a0\u00a0\u00a0\u00a0\u00a0\u00a0\u00a0\u00a0 (Innere Medizin und Chirurgie)<\/span><br \/><span style=\"font-family: arial, helvetica, sans-serif; font-size: 16px;\">1971-1972\u00a0\u00a0\u00a0 Wissenschaftlicher Assistent Institut f\u00fcr Biochemie<\/span><br \/><span style=\"font-family: arial, helvetica, sans-serif; font-size: 16px;\">\u00a0\u00a0\u00a0\u00a0\u00a0\u00a0\u00a0\u00a0\u00a0\u00a0\u00a0\u00a0\u00a0\u00a0\u00a0\u00a0\u00a0 \u00a0\u00a0 der medizinischen Fakult\u00e4t der Universit\u00e4t Heidelberg<\/span><br \/><span style=\"font-family: arial, helvetica, sans-serif; font-size: 20px;\"><span style=\"font-size: 16px;\">1973\u00a0\u00a0\u00a0\u00a0\u00a0\u00a0\u00a0\u00a0\u00a0\u00a0\u00a0\u00a0 Wissenschaftlicher Mitarbeiter, Stipendiat der Deutschen<\/span><\/span><br \/><span style=\"font-family: arial, helvetica, sans-serif; font-size: 16px;\">\u00a0\u00a0\u00a0\u00a0\u00a0\u00a0\u00a0\u00a0\u00a0\u00a0\u00a0\u00a0\u00a0\u00a0\u00a0\u00a0\u00a0\u00a0\u00a0\u00a0 Forschungsgemeinschaft, Neurochemische Abteilung,<\/span><br \/><span style=\"font-family: arial, helvetica, sans-serif; font-size: 16px;\">\u00a0\u00a0\u00a0\u00a0\u00a0\u00a0\u00a0\u00a0\u00a0\u00a0\u00a0\u00a0\u00a0\u00a0\u00a0\u00a0\u00a0\u00a0\u00a0\u00a0 Psychiatrische Klinik der Universit\u00e4t M\u00fcnchen (LMU)<\/span><br \/><span style=\"font-family: arial, helvetica, sans-serif; font-size: 16px;\">1974-1991 \u00a0\u00a0 Wissenschaftlicher Assistent, Weiterbildung zum Facharzt f\u00fcr<\/span><br \/><span style=\"font-family: arial, helvetica, sans-serif; font-size: 16px;\">\u00a0\u00a0\u00a0\u00a0\u00a0\u00a0\u00a0\u00a0\u00a0\u00a0\u00a0\u00a0\u00a0\u00a0\u00a0\u00a0\u00a0\u00a0\u00a0\u00a0\u00a0 Neurologie und Psychiatrie (Nervenarzt\/Psychotherapie<\/span><br \/><span style=\"font-family: arial, helvetica, sans-serif; font-size: 16px;\">\u00a0\u00a0\u00a0\u00a0\u00a0\u00a0\u00a0\u00a0\u00a0\u00a0\u00a0\u00a0\u00a0\u00a0\u00a0\u00a0\u00a0 \u00a0 \u00a0 Psychiatrische und Neurologische Klinik,<\/span><br \/><span style=\"font-family: arial, helvetica, sans-serif; font-size: 16px;\">\u00a0\u00a0\u00a0\u00a0\u00a0\u00a0\u00a0\u00a0\u00a0\u00a0\u00a0\u00a0\u00a0\u00a0\u00a0\u00a0\u00a0 \u00a0\u00a0\u00a0 Universit\u00e4t M\u00fcnchen (<a href=\"https:\/\/www.lmu-klinikum.de\/\">Klinikum der LMU<\/a>), (Oberarzt)<\/span><br \/><span style=\"font-family: arial, helvetica, sans-serif; font-size: 16px;\">1992-2007\u00a0\u00a0\u00a0 \u00c4rztlicher Direktor, Psychiatrische Privatklinik <br \/>\u00a0\u00a0\u00a0\u00a0\u00a0\u00a0\u00a0\u00a0\u00a0\u00a0\u00a0\u00a0\u00a0\u00a0\u00a0\u00a0\u00a0\u00a0\u00a0\u00a0 Sanatorium Kilchberg (<a href=\"http:\/\/www.sanatorium-kilchberg.ch\/ueber-uns\/geschichte-tradition-refugium\/\">Geschichte<\/a>)<\/span><br \/><br \/><span style=\"font-family: arial, helvetica, sans-serif; font-size: 16px;\"><strong>\u00c4rztliche Berufst\u00e4tigkeit (Praxis)<\/strong><\/span><br \/><br \/><span style=\"font-family: arial, helvetica, sans-serif; font-size: 16px;\">Seit M\u00e4rz 2007 in eigener Praxis Standort <a href=\"http:\/\/www.praxisrathausbruecke.ch\/\">Praxis Rathausbr\u00fccke<\/a>, <br \/>CH-8001 Z\u00fcrich,\u00a0 Strehlgasse 4, und Standort <a href=\"http:\/\/www.sanatorium-kilchberg.ch\/\">Sanatorium Kilchberg<\/a>, CH-8802 Kilchberg<\/span><\/p>\r\n<p><a href=\"https:\/\/www.selofoundation.ch\/stiftungsrat\/\"><span style=\"font-size: 20px; font-family: arial, helvetica, sans-serif; color: #000000;\"><span lang=\"de-CH\"><\/span><\/span><\/a><\/p>\r\n<p>&nbsp;<\/p>","protected":false},"excerpt":{"rendered":"<p>Vom Mai 1992 bis Februar 2007 war Prof. Dr. med. Waldemar Greil \u00c4rztlicher Direktor in der Psychiatrischen Klinik Sanatorium Kilchbergbei Z\u00fcrich, Schweiz. Er ist dort weiterhin als wissenschaftlicher Beirat t\u00e4tig und f\u00fchrt in der Klinik eine Praxis f\u00fcr Psychiatrie und Psychotherapie. Informationen zur Klinik: Website: www.sanatorium-kilchberg.chZur Geschichte des Sanatoriums, Chefarzt W.Greil (1992 bis 2007) Standort &hellip; <\/p>\n<p class=\"link-more\"><a href=\"https:\/\/campus-psychiatrie.de\/?page_id=57\" class=\"more-link\"><span class=\"screen-reader-text\">\u201eZur Person\u201c<\/span> weiterlesen<\/a><\/p>\n","protected":false},"author":1,"featured_media":0,"parent":0,"menu_order":0,"comment_status":"closed","ping_status":"closed","template":"","meta":{"footnotes":""},"class_list":["post-57","page","type-page","status-publish","hentry"],"_links":{"self":[{"href":"https:\/\/campus-psychiatrie.de\/index.php?rest_route=\/wp\/v2\/pages\/57","targetHints":{"allow":["GET"]}}],"collection":[{"href":"https:\/\/campus-psychiatrie.de\/index.php?rest_route=\/wp\/v2\/pages"}],"about":[{"href":"https:\/\/campus-psychiatrie.de\/index.php?rest_route=\/wp\/v2\/types\/page"}],"author":[{"embeddable":true,"href":"https:\/\/campus-psychiatrie.de\/index.php?rest_route=\/wp\/v2\/users\/1"}],"replies":[{"embeddable":true,"href":"https:\/\/campus-psychiatrie.de\/index.php?rest_route=%2Fwp%2Fv2%2Fcomments&post=57"}],"version-history":[{"count":59,"href":"https:\/\/campus-psychiatrie.de\/index.php?rest_route=\/wp\/v2\/pages\/57\/revisions"}],"predecessor-version":[{"id":562,"href":"https:\/\/campus-psychiatrie.de\/index.php?rest_route=\/wp\/v2\/pages\/57\/revisions\/562"}],"wp:attachment":[{"href":"https:\/\/campus-psychiatrie.de\/index.php?rest_route=%2Fwp%2Fv2%2Fmedia&parent=57"}],"curies":[{"name":"wp","href":"https:\/\/api.w.org\/{rel}","templated":true}]}}