{"id":60,"date":"2021-02-05T14:54:50","date_gmt":"2021-02-05T13:54:50","guid":{"rendered":"https:\/\/campus-psychiatrie.de\/site\/?page_id=60"},"modified":"2022-02-26T17:10:01","modified_gmt":"2022-02-26T16:10:01","slug":"pressemeldungen","status":"publish","type":"page","link":"https:\/\/campus-psychiatrie.de\/?page_id=60","title":{"rendered":"Pressemeldungen"},"content":{"rendered":"\r\n\r\n\r\n\r\n\r\n<p><span style=\"font-family: arial, helvetica, sans-serif;\"><strong>Waldemar Greils Blick zur\u00fcck Februar 2007<\/strong><\/span><br \/><span style=\"font-family: arial, helvetica, sans-serif;\">In den Ruhestand tritt Waldemar Greil &#8222;nur&#8220; als \u00e4rztlicher Direktor, er<\/span><br \/><span style=\"font-family: arial, helvetica, sans-serif;\">ist aber weiterhin beratend f\u00fcrs Sanatorium Kilchberg t\u00e4tig. Waldemar<\/span><br \/><span style=\"font-family: arial, helvetica, sans-serif;\">Greil zieht Bilanz \u00fcber 15 erfolg- wie ereignisreiche Jahre.<\/span><br \/><span style=\"font-family: arial, helvetica, sans-serif;\">(Z\u00fcrichsee-Zeitung linkes Ufer, 27.02.2007)<\/span><br \/><span style=\"font-family: arial, helvetica, sans-serif;\">Ganzes Interview als PDF zum Download<\/span><br \/><a href=\"https:\/\/campus-psychiatrie.de\/wp-content\/uploads\/2022\/02\/220212-Zu\u0308richsee-Zeitung-2007-Waldemar-Greils-Ru\u0308ckblick-Interview-Zu\u0308richseezeitung-Feb07.pdf\"><strong><span style=\"font-family: arial, helvetica, sans-serif;\">Artikel Download<\/span><\/strong><\/a><\/p>\r\n<p><span style=\"font-family: arial, helvetica, sans-serif;\">\r\n\r\n<\/span><\/p>\r\n<p><strong><span style=\"font-family: arial, helvetica, sans-serif;\">An dieser Stelle finden Sie weitere Pressemitteilungen.<br \/><\/span><\/strong><br \/><strong><span style=\"font-family: arial, helvetica, sans-serif;\">&#8222;Ich stand Modell f\u00fcr einen fiktiven Chefarzt&#8220; <\/span><\/strong><span style=\"font-family: arial, helvetica, sans-serif;\"><a href=\"https:\/\/campus-psychiatrie.de\/wp-content\/uploads\/2022\/02\/200526-Greil-Interview-BrainMag-Bonini-BM_200514_20_2.pdf\">Interview<\/a>\u00a0in brainMAG\u00a0 2020<br \/><\/span><\/p>\r\n<p><span style=\"font-family: arial, helvetica, sans-serif;\"><strong>Grunds\u00e4tzliches und Kritisches zu Psychopharmaka (2019)<\/strong><\/span><\/p>\r\n<p><a href=\"https:\/\/campus-psychiatrie.de\/site\/wp-content\/uploads\/2021\/05\/210430-190919-Info-NP-Baumann-Greil-NP4_2019-Ankuendigung.pdf\">Weiter zum Artikel (Grunds\u00e4tzliches)<\/a><br \/><a href=\"https:\/\/campus-psychiatrie.de\/site\/wp-content\/uploads\/2021\/05\/210430-190803-Interviews-Info-NP-4_Med_Ankuendigung-SGAMPS-1.pdf\">Weiter zum Artikel (Interview)<\/a><\/p>\r\n<p><span style=\"font-family: arial, helvetica, sans-serif;\"><strong>&#8222;Sanatorium feiert eigenen DADA-Tag&#8220;<\/strong>, 2016 <br \/>\u00a0<a href=\"https:\/\/campus-psychiatrie.de\/site\/wp-content\/uploads\/2021\/04\/210421-Dada-20160309_kilchberger-gemeindeblatt_9309.pdf\">Weiter zum Artikel <\/a><br \/><br \/><\/span><span style=\"font-family: arial, helvetica, sans-serif;\"><strong>&#8222;Diese Medikamente und Kombinationen sollten Sie nach M\u00f6glichkeit meiden&#8220; <\/strong>Medical Tribune vom 13.Februar 2012<\/span><br \/><br \/><span style=\"font-family: arial, helvetica, sans-serif;\"><strong>&#8222;Zwischen zwei Polen seinen Platz finden&#8220;<\/strong><\/span><br \/><span style=\"font-family: arial, helvetica, sans-serif;\">Mediaplanet Artikel vom Dezember 2011<\/span><br \/><br \/><span style=\"font-family: arial, helvetica, sans-serif;\"><strong>&#8222;Von himmelhoch jauchzend bis zu Tode betr\u00fcbt&#8220;<br \/><\/strong>27.12.2010 in Mediaplanet vom Tagesanzeiger<br \/><a href=\"https:\/\/campus-psychiatrie.de\/wp-content\/uploads\/2022\/02\/220212-110111-Tagesanzeiger-20.12.10-Auszug-Mediaplan.pdf\">Weiter zum Artikel<\/a><strong><br \/><br \/>&#8222;Eine manisch-depressive Erkrankung l\u00e4sst sich gut behandeln&#8220;<\/strong><\/span><br \/><span style=\"font-family: arial, helvetica, sans-serif;\">03. June 2010 aus der Zeitschrift: Schweizer Familie<strong><br \/><br \/>&#8222;Die bipolare St\u00f6rung. Verbreitet, aber unbekannt.&#8220;<br \/><\/strong>Tagesanzeiger 28.12.2009<br \/><strong><br \/>&#8222;Bipolare St\u00f6rungen: Licht und viel Schatten&#8220;, 2009<\/strong><\/span><br \/><a href=\"https:\/\/campus-psychiatrie.de\/wp-content\/uploads\/2022\/02\/220212-0911-Mediaplan-Tagi-Greil_Bipolare_Stoerungen.pdf\"><span style=\"font-family: arial, helvetica, sans-serif;\">Weiter zum Artikel\u00a0 <\/span><\/a><span style=\"font-family: arial, helvetica, sans-serif;\"><strong><br \/><br \/>&#8222;Durchhalten, auch wenn man es kaum aush\u00e4lt&#8220;, 2008<br \/><\/strong>Angeh\u00f6rige von Menschen mit manisch-depressiver Erkrankung (Bipolare St\u00f6rung) sind doppelt gefordert. Dies gilt auch f\u00fcr die Betroffenen. (Zentralschweiz am Sonntag, 16.November 2008)<\/span><br \/><span style=\"font-family: arial, helvetica, sans-serif;\"><a href=\"https:\/\/campus-psychiatrie.de\/wp-content\/uploads\/2022\/02\/NLZ_Bipolar_Greil16.11.08.pdf\">Artikel (Download)<\/a><br \/><\/span><br \/><span style=\"font-family: arial, helvetica, sans-serif;\"><strong>&#8222;Mal jauchzend, mal betr\u00fcbt&#8220;, November 2007<\/strong><\/span><br \/><span style=\"font-family: arial, helvetica, sans-serif;\">Die bipolare St\u00f6rung &#8211; besser bekannt als manisch-depressive Erkrankung &#8211;<\/span><br \/><span style=\"font-family: arial, helvetica, sans-serif;\">f\u00fchrt f\u00fcr Betroffene und Angeh\u00f6rige zu viel Leid. In ihr steckt aber auch<\/span><br \/><span style=\"font-family: arial, helvetica, sans-serif;\">ein kreatives Potenzial. (Neue Luzerner Zeitung, 3. November 2007)<\/span><br \/><span style=\"font-family: arial, helvetica, sans-serif;\"><a href=\"https:\/\/campus-psychiatrie.de\/wp-content\/uploads\/2022\/02\/220212-Luzerner-Zeitung-Mal-jauchzend-mal-betru\u0308bt.-Interview-W.-Greil-Neue-LU-Zeitung-Nov07.pdf\">Artikel (Download)<\/a><br \/><\/span><br \/><span style=\"font-family: arial, helvetica, sans-serif;\"><strong>&#8222;Bipolar und die Physik&#8220;, August 2007<\/strong><\/span><br \/><span style=\"font-family: arial, helvetica, sans-serif;\">Denken Sie bei Bipolar und Unipolar an den Physikunterricht? Dann sollten<\/span><br \/><span style=\"font-family: arial, helvetica, sans-serif;\">weiterlesen&#8230;.Prof. Dr. med. Waldemar Greil, weltweit einer der f\u00fchrenden<\/span><br \/><span style=\"font-family: arial, helvetica, sans-serif;\">Experten f\u00fcr die bipolare Erkrankung, spricht \u00fcber die Diagnose und Therapie<\/span><br \/><span style=\"font-family: arial, helvetica, sans-serif;\">unipolarer und bipolarer Patienten. (Schweizer Hausapotheke 8\/07)<\/span><br \/><a href=\"https:\/\/campus-psychiatrie.de\/site\/wp-content\/uploads\/2022\/02\/CH-Hausapotheke_Bipolar_Greil.pdf\"><span style=\"font-family: arial, helvetica, sans-serif;\">Artikel (Download)<\/span><\/a><\/p>\r\n<p><span style=\"font-family: arial, helvetica, sans-serif;\">\r\n\r\n<\/span><\/p>\r\n<p><span style=\"font-family: arial, helvetica, sans-serif;\"><strong>&#8222;Burn-out: Modewort oder Krankheit?&#8220;, M\u00e4rz 2006<\/strong><\/span><br \/><span style=\"font-family: arial, helvetica, sans-serif;\">Wie \u00e4ussert sich das sogenannte Burn-out-Syndrom, wen trifft es am<\/span><br \/><span style=\"font-family: arial, helvetica, sans-serif;\">h\u00e4ufigsten und wie kann man dem &#8222;Ausbrennen&#8220; vorbeugen? (Newsletter<\/span><br \/><span style=\"font-family: arial, helvetica, sans-serif;\">&#8222;feel&#8220; f\u00fcr die Versicherten von Sanitas Corporate Private Care, M\u00e4rz<\/span><br \/><span style=\"font-family: arial, helvetica, sans-serif;\">2006), <\/span><span style=\"font-family: arial, helvetica, sans-serif;\">Ganzes Interview als PDF zum Download<\/span><br \/><a href=\"https:\/\/campus-psychiatrie.de\/wp-content\/uploads\/2022\/02\/220212-Burn-out-Modewort-oder-Krankheit-Interview-W.-Greil-feel-siemens-Jan06.pdf\"><span style=\"font-family: arial, helvetica, sans-serif;\">Artikel (Download)<\/span><\/a><\/p>\r\n<p><span style=\"font-family: arial, helvetica, sans-serif;\">\r\n\r\n<\/span><\/p>\r\n<p><span style=\"font-family: arial, helvetica, sans-serif;\"><strong>&#8222;Endstation Kilchberg&#8220;, 28. Januar 2006<\/strong><\/span><br \/><span style=\"font-family: arial, helvetica, sans-serif;\">Der Schriftsteller John Irving glaubt, dass man als psychisch Kranker am<\/span><br \/><span style=\"font-family: arial, helvetica, sans-serif;\">besten in Z\u00fcrich aufgehoben ist. (Das Magazin, 28.01.2006, Nummer 4,<\/span><br \/><span style=\"font-family: arial, helvetica, sans-serif;\">Seite 16) Interview mit John Irving siehe auch <a href=\"https:\/\/campus-psychiatrie.de\/site\/wp-content\/uploads\/2021\/04\/210421-NZZ-Irving-und-Psychiater-20170201_nzz_3214.pdf\">Artikel NZZ 2017<\/a><\/span><br \/><br \/><span style=\"font-family: arial, helvetica, sans-serif;\"><strong>Roman in der Klinik,\u00a0 26. Januar 2006<\/strong><\/span><br \/><span style=\"font-family: arial, helvetica, sans-serif;\">US-Bestsellerautor John Irving w\u00e4hlte f\u00fcr den Roman &#8222;Bis ich dich finde&#8220;<\/span><br \/><span style=\"font-family: arial, helvetica, sans-serif;\">das Sanatorium Kilchberg als Schauplatz. (Schweizer Familie Nr. 4, 26.<\/span><br \/><span style=\"font-family: arial, helvetica, sans-serif;\">Januar 2006)<br \/><\/span><\/p>\r\n<p><span style=\"font-family: arial, helvetica, sans-serif;\"><strong>&#8222;Die wahre Geschichte hinter Irvings Roman&#8220;, 2006<br \/><\/strong><\/span><a href=\"https:\/\/campus-psychiatrie.de\/wp-content\/uploads\/2022\/02\/220225-160129-0602-Berner-Zeitung-John-Irving-Interview.pdf\"><span style=\"font-family: arial, helvetica, sans-serif;\">Berner Zeitung, ein Interview zu seinem nicht-gefundenen Vater<\/span><\/a><\/p>\r\n<p><span style=\"font-family: arial, helvetica, sans-serif;\"><strong>&#8222;Verr\u00fcckte Story am Z\u00fcrichsee&#8220;<\/strong><br \/><a href=\"https:\/\/campus-psychiatrie.de\/site\/wp-content\/uploads\/2021\/04\/210131-Irving-Verrueckte-Story-am-Zuerichsee.pdf\">Artikel (Download)<\/a><br \/><br \/><strong>&#8222;Bis ich Dich finde&#8220;<\/strong>, Psychopathologie in Kunst und Literatur<br \/><a href=\"https:\/\/campus-psychiatrie.de\/site\/wp-content\/uploads\/2021\/04\/200801-Neurotransmitter-Artikel-Koepf-John-Irving-Greil.pdf\">Artikel (Download)<\/a><\/span><\/p>\r\n<p><strong><span style=\"font-family: arial, helvetica, sans-serif;\">\u201eBlitzbesuch mit anhaltender Wirkung\u201c<br \/><\/span><\/strong><a href=\"https:\/\/campus-psychiatrie.de\/site\/wp-content\/uploads\/2021\/04\/160129-Facts-Blitzbesuch-Irving.pdf\"><span style=\"font-family: arial, helvetica, sans-serif;\">Artikel (Download)<\/span><\/a><strong><span style=\"font-family: arial, helvetica, sans-serif;\"><br \/><\/span><\/strong><\/p>\r\n<p><span style=\"font-family: arial, helvetica, sans-serif;\">\r\n\r\n<\/span><\/p>\r\n","protected":false},"excerpt":{"rendered":"<p>Waldemar Greils Blick zur\u00fcck Februar 2007In den Ruhestand tritt Waldemar Greil &#8222;nur&#8220; als \u00e4rztlicher Direktor, erist aber weiterhin beratend f\u00fcrs Sanatorium Kilchberg t\u00e4tig. WaldemarGreil zieht Bilanz \u00fcber 15 erfolg- wie ereignisreiche Jahre.(Z\u00fcrichsee-Zeitung linkes Ufer, 27.02.2007)Ganzes Interview als PDF zum DownloadArtikel Download An dieser Stelle finden Sie weitere Pressemitteilungen.&#8222;Ich stand Modell f\u00fcr einen fiktiven Chefarzt&#8220; Interview\u00a0in &hellip; <\/p>\n<p class=\"link-more\"><a href=\"https:\/\/campus-psychiatrie.de\/?page_id=60\" class=\"more-link\"><span class=\"screen-reader-text\">\u201ePressemeldungen\u201c<\/span> weiterlesen<\/a><\/p>\n","protected":false},"author":1,"featured_media":0,"parent":0,"menu_order":0,"comment_status":"closed","ping_status":"closed","template":"","meta":{"footnotes":""},"class_list":["post-60","page","type-page","status-publish","hentry"],"_links":{"self":[{"href":"https:\/\/campus-psychiatrie.de\/index.php?rest_route=\/wp\/v2\/pages\/60","targetHints":{"allow":["GET"]}}],"collection":[{"href":"https:\/\/campus-psychiatrie.de\/index.php?rest_route=\/wp\/v2\/pages"}],"about":[{"href":"https:\/\/campus-psychiatrie.de\/index.php?rest_route=\/wp\/v2\/types\/page"}],"author":[{"embeddable":true,"href":"https:\/\/campus-psychiatrie.de\/index.php?rest_route=\/wp\/v2\/users\/1"}],"replies":[{"embeddable":true,"href":"https:\/\/campus-psychiatrie.de\/index.php?rest_route=%2Fwp%2Fv2%2Fcomments&post=60"}],"version-history":[{"count":36,"href":"https:\/\/campus-psychiatrie.de\/index.php?rest_route=\/wp\/v2\/pages\/60\/revisions"}],"predecessor-version":[{"id":514,"href":"https:\/\/campus-psychiatrie.de\/index.php?rest_route=\/wp\/v2\/pages\/60\/revisions\/514"}],"wp:attachment":[{"href":"https:\/\/campus-psychiatrie.de\/index.php?rest_route=%2Fwp%2Fv2%2Fmedia&parent=60"}],"curies":[{"name":"wp","href":"https:\/\/api.w.org\/{rel}","templated":true}]}}