{"id":63,"date":"2021-02-05T14:56:07","date_gmt":"2021-02-05T13:56:07","guid":{"rendered":"https:\/\/campus-psychiatrie.de\/site\/?page_id=63"},"modified":"2021-04-05T18:18:20","modified_gmt":"2021-04-05T16:18:20","slug":"impressum","status":"publish","type":"page","link":"https:\/\/campus-psychiatrie.de\/?page_id=63","title":{"rendered":"Impressum"},"content":{"rendered":"\r\n\r\n\r\n<p>S<span style=\"font-family: arial, helvetica, sans-serif;\">anatorium Kilchberg<\/span><br \/><span style=\"font-family: arial, helvetica, sans-serif;\">Alte Landstrasse 70-84<\/span><br \/><span style=\"font-family: arial, helvetica, sans-serif;\">CH-8802 Kilchberg ZH<\/span><br \/><span style=\"font-family: arial, helvetica, sans-serif;\">Tel.: Rathausbr\u00fccke <\/span><br \/><span style=\"font-family: arial, helvetica, sans-serif;\">[+41] 044 291 00 04 (Greil Campus Psychiatrie, Praxis Rathausbr\u00fccke, Z\u00fcrich)\u00a0 <\/span><br \/><span style=\"font-family: arial, helvetica, sans-serif;\">E-Mail:\u00a0\u00a0\u00a0\u00a0\u00a0\u00a0\u00a0\u00a0 <a href=\"mailto:waldemar.greil@med.uni-muenchen.de\"> waldemar.greil@gmx.net<\/a>, waldemar.greil@hin.ch, waldemar.greil@med.uni-muenchen.de<\/span><\/p>\r\n<p><span style=\"font-family: arial, helvetica, sans-serif;\">\r\n\r\n\r\n\r\n<\/span><\/p>\r\n<p><span style=\"font-family: arial, helvetica, sans-serif;\">Homepage:\u00a0 www.campus-psychiatrie.de, www.campus-psychiatrie.ch<\/span><\/p>\r\n<p><span style=\"font-family: arial, helvetica, sans-serif;\">\r\n\r\n<\/span><\/p>\r\n<p><span style=\"font-family: arial, helvetica, sans-serif;\">Alle auf dieser Website ver\u00f6ffentlichten Beitr\u00e4ge sind urheberrechtlich gesch\u00fctzt.<\/span><br \/><span style=\"font-family: arial, helvetica, sans-serif;\">Fotos wurden von Photo by <a href=\"https:\/\/unsplash.com\/@purzlbaum?utm_source=unsplash&amp;utm_medium=referral&amp;utm_content=creditCopyText\">Claudio Schwarz | @purzlbaum<\/a> on <a href=\"\/s\/photos\/z%C3%BCrich?utm_source=unsplash&amp;utm_medium=referral&amp;utm_content=creditCopyText\">Unsplash<\/a> , von www.photocase.de und von Prof. Greil (eigene Aufnahmen) verwendet.<\/span><br \/><span style=\"font-family: arial, helvetica, sans-serif;\">Fotokopien und Downloads von Web-Seiten d\u00fcrfen nur f\u00fcr den<\/span><br \/><span style=\"font-family: arial, helvetica, sans-serif;\">pers\u00f6nlichen, privaten und nicht kommerziellen Gebrauch hergestellt werden.<\/span><br \/><span style=\"font-family: arial, helvetica, sans-serif;\">Der Anbieter \u00fcbernimmt keine Haftung f\u00fcr die Richtigkeit, Vollst\u00e4ndigkeit und<\/span><br \/><span style=\"font-family: arial, helvetica, sans-serif;\">Aktualit\u00e4t der bereit gestellten Informationen.<\/span><\/p>\r\n<p><span style=\"font-family: arial, helvetica, sans-serif;\">\r\n\r\n<\/span><\/p>\r\n<p>&nbsp;<\/p>\r\n","protected":false},"excerpt":{"rendered":"<p>Sanatorium KilchbergAlte Landstrasse 70-84CH-8802 Kilchberg ZHTel.: Rathausbr\u00fccke [+41] 044 291 00 04 (Greil Campus Psychiatrie, Praxis Rathausbr\u00fccke, Z\u00fcrich)\u00a0 E-Mail:\u00a0\u00a0\u00a0\u00a0\u00a0\u00a0\u00a0\u00a0 waldemar.greil@gmx.net, waldemar.greil@hin.ch, waldemar.greil@med.uni-muenchen.de Homepage:\u00a0 www.campus-psychiatrie.de, www.campus-psychiatrie.ch Alle auf dieser Website ver\u00f6ffentlichten Beitr\u00e4ge sind urheberrechtlich gesch\u00fctzt.Fotos wurden von Photo by Claudio Schwarz | @purzlbaum on Unsplash , von www.photocase.de und von Prof. Greil (eigene Aufnahmen) verwendet.Fotokopien und &hellip; <\/p>\n<p class=\"link-more\"><a href=\"https:\/\/campus-psychiatrie.de\/?page_id=63\" class=\"more-link\"><span class=\"screen-reader-text\">\u201eImpressum\u201c<\/span> weiterlesen<\/a><\/p>\n","protected":false},"author":1,"featured_media":0,"parent":0,"menu_order":0,"comment_status":"closed","ping_status":"closed","template":"","meta":{"footnotes":""},"class_list":["post-63","page","type-page","status-publish","hentry"],"_links":{"self":[{"href":"https:\/\/campus-psychiatrie.de\/index.php?rest_route=\/wp\/v2\/pages\/63","targetHints":{"allow":["GET"]}}],"collection":[{"href":"https:\/\/campus-psychiatrie.de\/index.php?rest_route=\/wp\/v2\/pages"}],"about":[{"href":"https:\/\/campus-psychiatrie.de\/index.php?rest_route=\/wp\/v2\/types\/page"}],"author":[{"embeddable":true,"href":"https:\/\/campus-psychiatrie.de\/index.php?rest_route=\/wp\/v2\/users\/1"}],"replies":[{"embeddable":true,"href":"https:\/\/campus-psychiatrie.de\/index.php?rest_route=%2Fwp%2Fv2%2Fcomments&post=63"}],"version-history":[{"count":8,"href":"https:\/\/campus-psychiatrie.de\/index.php?rest_route=\/wp\/v2\/pages\/63\/revisions"}],"predecessor-version":[{"id":301,"href":"https:\/\/campus-psychiatrie.de\/index.php?rest_route=\/wp\/v2\/pages\/63\/revisions\/301"}],"wp:attachment":[{"href":"https:\/\/campus-psychiatrie.de\/index.php?rest_route=%2Fwp%2Fv2%2Fmedia&parent=63"}],"curies":[{"name":"wp","href":"https:\/\/api.w.org\/{rel}","templated":true}]}}